{"id":58,"date":"2023-07-01T02:35:32","date_gmt":"2023-07-01T00:35:32","guid":{"rendered":"http:\/\/voyage-a-cuba.fr\/?page_id=58"},"modified":"2025-01-17T23:33:17","modified_gmt":"2025-01-17T22:33:17","slug":"a-qui-sadresse-ce-voyage","status":"publish","type":"page","link":"https:\/\/voyage-a-cuba.fr\/","title":{"rendered":"Prochain voyage"},"content":{"rendered":"\n<p><mark style=\"background-color:rgba(0, 0, 0, 0)\" class=\"has-inline-color has-vivid-red-color\"><strong>Voyage du 23 f\u00e9vrier au 9 mars 2025<\/strong><\/mark><br><strong><mark style=\"background-color:rgba(0, 0, 0, 0)\" class=\"has-inline-color has-vivid-red-color\">R\u00e9sum\u00e9 du voyage 2025<\/mark><\/strong><br>&#8211; <strong>Ce voyage s&rsquo;adresse aux salseros ayant suivi au moins 1 an de cours en salsa cubaine<\/strong>.<br>&#8211; Il est bas\u00e9 sur <strong>3 heures de cours de danse tous les jours<\/strong> et <strong>fiesta tous les soirs<\/strong>. <br>&#8211; Les professeurs et assistants sont de Santiago de Cuba, <strong>danseurs professionnels<\/strong>. <br>&#8211; Le<strong> logement se fait chez l&rsquo;habitant<\/strong> et on est tous dans le m\u00eame quartier.<br>&#8211; Le <strong>centre ville<\/strong> de Santiago se trouve \u00e0 <strong>10 min \u00e0 pied<\/strong>, pas besoin de taxi apr\u00e8s la fiesta.<br>&#8211; Ce voyage est bas\u00e9 sur la qualit\u00e9, <strong>petit groupe de 10 \u00e0 15 fran\u00e7ais et autant de cubains\/cubaines.<\/strong><br>&#8211; On fait des sorties <strong>restaurants tous les soirs<\/strong>, il est possible de manger chez l&rsquo;habitant \u00e9galement. <br>&#8211; <strong>Quelques visites<\/strong> et <strong>sorties \u00e0 la mer sont pr\u00e9vues<\/strong> mais la priorit\u00e9 c&rsquo;est de progresser en salsa cubaine. <br>&#8211; <strong>Cours de : Casino, Guaguanco, Columbia, Orishas, Son, Rueda de casino, Reggaeton.<\/strong><br>&#8211; On prend l&rsquo;<strong>avion <\/strong>\u00e0 <strong>Lyon<\/strong>, escale en <strong>Allemagne <\/strong>puis direction Cuba. <br>&#8211; Pr\u00e9voir un budget total avec vos d\u00e9penses perso : Environ 3000 euro<br>&#8211; On ach\u00e8te les <strong>billets d&rsquo;avion vers octobre<\/strong>. <br>&#8211; <strong>Foudil part une semaine en avance afin de tout valider sur place et vient vous chercher \u00e0 l&rsquo;a\u00e9roport. <\/strong><br>&#8211; Vous serez accompagn\u00e9 dans toutes les d\u00e9marches de A \u00e0 Z jusqu&rsquo;au retour, vous n&rsquo;avez qu&rsquo;a faire vos valises et vous laisser guider, bien sur \u00e9galement \u00e0 Cuba.<br>&#8211; <strong>Une carte SIM sera install\u00e9e dans votre t\u00e9l\u00e9phone \u00e0 Cuba<\/strong>, ainsi vous aurez un num\u00e9ro de t\u00e9l cubain et internet. <br>&#8211; Vous installerez une<strong> carte de Santiago avant de partir<\/strong>, application gratuite qui fonctionne tr\u00e8s bien.<br>&#8211; Une <strong>check liste de base<\/strong> vous sera donn\u00e9e pour mieux vous organiser.<br><br><br><strong><mark style=\"background-color:rgba(0, 0, 0, 0)\" class=\"has-inline-color has-vivid-red-color\">Contact info : <a href=\"http:\/\/voyage-a-cuba.fr\/index.php\/groupe-cuba-2025\/#Les-Etapes\">Foudil <\/a>\/ 06 20 26 83 45 \/ foudil38@gmail.com<\/mark><\/strong><br><br><br>L&rsquo;\u00e9cole de danse Salsa Grenoble vous propose un voyage \u00e0 Santiago de Cuba. <br>Ce voyage est destin\u00e9 aux danseurs voulant apprendre ou se perfectionner en salsa cubaine, guaguanco, columbia, reggaeton, son cubano, orishas, &#8230;.<br>Vous logez chez l&rsquo;habitant afin d&rsquo;\u00eatre en immersion et d&rsquo;\u00e9changer sur la culture cubaine.<br>Salsa Grenoble a s\u00e9lectionn\u00e9 une \u00e9quipe de professeurs\/danseurs de niveau professionnel !<br>Foudil, professeur de danse sur Grenoble depuis plus de 23 ans sera votre accompagnateur de A \u00e0 Z !<br>Immersion totale au c\u0153ur de la salsa cubaine, vous verrez la salsa autrement au c\u0153ur de la culture cubaine&#8230;.<br>Pour participer, il faut avoir suivi un an de cours de salsa cubaine minimum.<\/p>\n\n\n<div class=\"wp-block-image is-style-rounded\">\n<figure class=\"aligncenter size-full\"><img loading=\"lazy\" decoding=\"async\" width=\"2560\" height=\"1920\" src=\"http:\/\/voyage-a-cuba.fr\/wp-content\/uploads\/2024\/04\/eleves-24-scaled.jpg\" alt=\"\" class=\"wp-image-501\" srcset=\"https:\/\/voyage-a-cuba.fr\/wp-content\/uploads\/2024\/04\/eleves-24-scaled.jpg 2560w, https:\/\/voyage-a-cuba.fr\/wp-content\/uploads\/2024\/04\/eleves-24-300x225.jpg 300w, https:\/\/voyage-a-cuba.fr\/wp-content\/uploads\/2024\/04\/eleves-24-1024x768.jpg 1024w, https:\/\/voyage-a-cuba.fr\/wp-content\/uploads\/2024\/04\/eleves-24-768x576.jpg 768w, https:\/\/voyage-a-cuba.fr\/wp-content\/uploads\/2024\/04\/eleves-24-1536x1152.jpg 1536w, https:\/\/voyage-a-cuba.fr\/wp-content\/uploads\/2024\/04\/eleves-24-2048x1536.jpg 2048w, https:\/\/voyage-a-cuba.fr\/wp-content\/uploads\/2024\/04\/eleves-24-360x270.jpg 360w\" sizes=\"auto, (max-width: 2560px) 100vw, 2560px\" \/><\/figure>\n<\/div>","protected":false},"excerpt":{"rendered":"<p>Voyage du 23 f\u00e9vrier au 9 mars 2025R\u00e9sum\u00e9 du voyage 2025&#8211; Ce voyage s&rsquo;adresse aux salseros ayant suivi au moins 1 an de cours en salsa cubaine.&#8211; Il est bas\u00e9 sur 3 heures de cours de danse tous les jours et fiesta tous les soirs. &#8211; Les professeurs et assistants sont de Santiago de Cuba, danseurs professionnels. &#8211; Le logement se fait chez l&rsquo;habitant et on est tous dans le m\u00eame quartier.&#8211; Le centre ville de Santiago se trouve \u00e0&#8230;<\/p>\n<p class=\"read-more\"><a class=\"btn btn-default\" href=\"https:\/\/voyage-a-cuba.fr\/\">Lire la suite<span class=\"screen-reader-text\"> Lire la suite<\/span><\/a><\/p>\n","protected":false},"author":1,"featured_media":0,"parent":0,"menu_order":0,"comment_status":"closed","ping_status":"closed","template":"","meta":{"ngg_post_thumbnail":0,"footnotes":""},"class_list":["post-58","page","type-page","status-publish","hentry"],"_links":{"self":[{"href":"https:\/\/voyage-a-cuba.fr\/index.php\/wp-json\/wp\/v2\/pages\/58","targetHints":{"allow":["GET"]}}],"collection":[{"href":"https:\/\/voyage-a-cuba.fr\/index.php\/wp-json\/wp\/v2\/pages"}],"about":[{"href":"https:\/\/voyage-a-cuba.fr\/index.php\/wp-json\/wp\/v2\/types\/page"}],"author":[{"embeddable":true,"href":"https:\/\/voyage-a-cuba.fr\/index.php\/wp-json\/wp\/v2\/users\/1"}],"replies":[{"embeddable":true,"href":"https:\/\/voyage-a-cuba.fr\/index.php\/wp-json\/wp\/v2\/comments?post=58"}],"version-history":[{"count":32,"href":"https:\/\/voyage-a-cuba.fr\/index.php\/wp-json\/wp\/v2\/pages\/58\/revisions"}],"predecessor-version":[{"id":748,"href":"https:\/\/voyage-a-cuba.fr\/index.php\/wp-json\/wp\/v2\/pages\/58\/revisions\/748"}],"wp:attachment":[{"href":"https:\/\/voyage-a-cuba.fr\/index.php\/wp-json\/wp\/v2\/media?parent=58"}],"curies":[{"name":"wp","href":"https:\/\/api.w.org\/{rel}","templated":true}]}}