{"id":32,"date":"2023-07-01T02:24:19","date_gmt":"2023-07-01T00:24:19","guid":{"rendered":"http:\/\/voyage-a-cuba.fr\/?page_id=32"},"modified":"2023-07-01T14:34:24","modified_gmt":"2023-07-01T12:34:24","slug":"comment-sinscrire","status":"publish","type":"page","link":"https:\/\/voyage-a-cuba.fr\/index.php\/comment-sinscrire\/","title":{"rendered":"Comment s&rsquo;inscrire ?"},"content":{"rendered":"\n<p>Pour participer \u00e0 ce s\u00e9jour, vous devez contacter l&rsquo;association Salsa Grenoble (Foudil). <br>Envoyer un message au 06 20 26 83 45 ou venez \u00e0 l&rsquo;\u00e9cole de danse situ\u00e9e au 10 rue Amp\u00e8re \u00e0 Grenoble pendant une soir\u00e9e dansante.<br>On parlera de Cuba autour d&rsquo;un verre \ud83d\ude42 <br><br>Salsa Grenoble n&rsquo;est pas une agence de voyage, nous avons simplement des amis professeurs cubains, des amis logeurs, des gens en qui on a confiance et que l&rsquo;on revoit chaque ann\u00e9e. <br>Vous allez ainsi b\u00e9n\u00e9ficier de nos contacts qui sont s\u00e9rieux, comp\u00e9tents,  chaleureux. <br><br>Le tarif indiqu\u00e9 vous permet de pr\u00e9voir un budget pour le s\u00e9jour. <br>C&rsquo;est vous qui achetez votre billet d&rsquo;avion ! Bien s\u00fbr, on vous aidera pour choisir votre vol et la compagnie   a\u00e9rienne, les horaires,&#8230; etc <br>Un membre de l&rsquo;\u00e9cole SG vous accompagnera \u00e9galement afin que vous soyez rassur\u00e9. <br>Et il faudra pr\u00e9voir un montant en esp\u00e8ce sur place (Il n y a pas de paiement possible par CB ) pour payer les logeurs, les professeurs, les assistants de danse, le guide, les taxis,&#8230; <br><br><\/p>\n\n\n\n<figure class=\"wp-block-image size-large\"><img loading=\"lazy\" decoding=\"async\" width=\"1024\" height=\"575\" src=\"http:\/\/voyage-a-cuba.fr\/wp-content\/uploads\/2023\/07\/casa-alina2-1024x575.jpg\" alt=\"\" class=\"wp-image-99\" srcset=\"https:\/\/voyage-a-cuba.fr\/wp-content\/uploads\/2023\/07\/casa-alina2-1024x575.jpg 1024w, https:\/\/voyage-a-cuba.fr\/wp-content\/uploads\/2023\/07\/casa-alina2-300x169.jpg 300w, https:\/\/voyage-a-cuba.fr\/wp-content\/uploads\/2023\/07\/casa-alina2-768x432.jpg 768w, https:\/\/voyage-a-cuba.fr\/wp-content\/uploads\/2023\/07\/casa-alina2-1536x863.jpg 1536w, https:\/\/voyage-a-cuba.fr\/wp-content\/uploads\/2023\/07\/casa-alina2-2048x1151.jpg 2048w, https:\/\/voyage-a-cuba.fr\/wp-content\/uploads\/2023\/07\/casa-alina2-480x270.jpg 480w\" sizes=\"auto, (max-width: 1024px) 100vw, 1024px\" \/><\/figure>\n\n\n\n<figure class=\"wp-block-image size-large\"><img loading=\"lazy\" decoding=\"async\" width=\"1024\" height=\"575\" src=\"http:\/\/voyage-a-cuba.fr\/wp-content\/uploads\/2023\/07\/Groupe-1-1024x575.jpg\" alt=\"\" class=\"wp-image-101\" srcset=\"https:\/\/voyage-a-cuba.fr\/wp-content\/uploads\/2023\/07\/Groupe-1-1024x575.jpg 1024w, https:\/\/voyage-a-cuba.fr\/wp-content\/uploads\/2023\/07\/Groupe-1-300x169.jpg 300w, https:\/\/voyage-a-cuba.fr\/wp-content\/uploads\/2023\/07\/Groupe-1-768x432.jpg 768w, https:\/\/voyage-a-cuba.fr\/wp-content\/uploads\/2023\/07\/Groupe-1-1536x863.jpg 1536w, https:\/\/voyage-a-cuba.fr\/wp-content\/uploads\/2023\/07\/Groupe-1-2048x1151.jpg 2048w, https:\/\/voyage-a-cuba.fr\/wp-content\/uploads\/2023\/07\/Groupe-1-480x270.jpg 480w\" sizes=\"auto, (max-width: 1024px) 100vw, 1024px\" \/><\/figure>\n","protected":false},"excerpt":{"rendered":"<p>Pour participer \u00e0 ce s\u00e9jour, vous devez contacter l&rsquo;association Salsa Grenoble (Foudil). Envoyer un message au 06 20 26 83 45 ou venez \u00e0 l&rsquo;\u00e9cole de danse situ\u00e9e au 10 rue Amp\u00e8re \u00e0 Grenoble pendant une soir\u00e9e dansante.On parlera de Cuba autour d&rsquo;un verre \ud83d\ude42 Salsa Grenoble n&rsquo;est pas une agence de voyage, nous avons simplement des amis professeurs cubains, des amis logeurs, des gens en qui on a confiance et que l&rsquo;on revoit chaque ann\u00e9e. Vous allez ainsi b\u00e9n\u00e9ficier&#8230;<\/p>\n<p class=\"read-more\"><a class=\"btn btn-default\" href=\"https:\/\/voyage-a-cuba.fr\/index.php\/comment-sinscrire\/\">Lire la suite<span class=\"screen-reader-text\"> Lire la suite<\/span><\/a><\/p>\n","protected":false},"author":1,"featured_media":0,"parent":0,"menu_order":0,"comment_status":"closed","ping_status":"closed","template":"","meta":{"ngg_post_thumbnail":0,"footnotes":""},"class_list":["post-32","page","type-page","status-publish","hentry"],"_links":{"self":[{"href":"https:\/\/voyage-a-cuba.fr\/index.php\/wp-json\/wp\/v2\/pages\/32","targetHints":{"allow":["GET"]}}],"collection":[{"href":"https:\/\/voyage-a-cuba.fr\/index.php\/wp-json\/wp\/v2\/pages"}],"about":[{"href":"https:\/\/voyage-a-cuba.fr\/index.php\/wp-json\/wp\/v2\/types\/page"}],"author":[{"embeddable":true,"href":"https:\/\/voyage-a-cuba.fr\/index.php\/wp-json\/wp\/v2\/users\/1"}],"replies":[{"embeddable":true,"href":"https:\/\/voyage-a-cuba.fr\/index.php\/wp-json\/wp\/v2\/comments?post=32"}],"version-history":[{"count":4,"href":"https:\/\/voyage-a-cuba.fr\/index.php\/wp-json\/wp\/v2\/pages\/32\/revisions"}],"predecessor-version":[{"id":102,"href":"https:\/\/voyage-a-cuba.fr\/index.php\/wp-json\/wp\/v2\/pages\/32\/revisions\/102"}],"wp:attachment":[{"href":"https:\/\/voyage-a-cuba.fr\/index.php\/wp-json\/wp\/v2\/media?parent=32"}],"curies":[{"name":"wp","href":"https:\/\/api.w.org\/{rel}","templated":true}]}}