{"id":28,"date":"2023-07-01T02:23:06","date_gmt":"2023-07-01T00:23:06","guid":{"rendered":"http:\/\/voyage-a-cuba.fr\/?page_id=28"},"modified":"2023-07-01T23:34:39","modified_gmt":"2023-07-01T21:34:39","slug":"preparer-son-voyage","status":"publish","type":"page","link":"https:\/\/voyage-a-cuba.fr\/index.php\/preparer-son-voyage\/","title":{"rendered":"Pr\u00e9parer son voyage"},"content":{"rendered":"\n<figure class=\"wp-block-image size-large\"><img loading=\"lazy\" decoding=\"async\" width=\"768\" height=\"1024\" src=\"http:\/\/voyage-a-cuba.fr\/wp-content\/uploads\/2023\/07\/avion-768x1024.jpg\" alt=\"\" class=\"wp-image-169\" srcset=\"https:\/\/voyage-a-cuba.fr\/wp-content\/uploads\/2023\/07\/avion-768x1024.jpg 768w, https:\/\/voyage-a-cuba.fr\/wp-content\/uploads\/2023\/07\/avion-225x300.jpg 225w, https:\/\/voyage-a-cuba.fr\/wp-content\/uploads\/2023\/07\/avion-1152x1536.jpg 1152w, https:\/\/voyage-a-cuba.fr\/wp-content\/uploads\/2023\/07\/avion-1536x2048.jpg 1536w, https:\/\/voyage-a-cuba.fr\/wp-content\/uploads\/2023\/07\/avion-203x270.jpg 203w, https:\/\/voyage-a-cuba.fr\/wp-content\/uploads\/2023\/07\/avion-scaled.jpg 1920w\" sizes=\"auto, (max-width: 768px) 100vw, 768px\" \/><\/figure>\n\n\n\n<p>Salsa Grenoble vous aidera \u00e0 pr\u00e9parer votre voyage de A \u00e0 Z.<br>Il y aura plusieurs r\u00e9unions d&rsquo;informations jusqu&rsquo;\u00e0 ce que tout soit clair pour vous dans les moindres d\u00e9tails. <br>Nous r\u00e9pondrons \u00e0 toutes vos questions sur le d\u00e9roulement du s\u00e9jour mais aussi comment le pr\u00e9parer. <br>Et ainsi \u00e9viter les quelques pi\u00e8ges. <br>Le groupe qui partira avec nous, aura acc\u00e8s \u00e0 notre tableau de suivi en ligne, pour valider \u00e9tape par \u00e9tape.<br>Salsa Grenoble est connu pour la qualit\u00e9 de ses cours et son s\u00e9rieux dans l&rsquo;organisation d&rsquo;\u00e9v\u00e8nements.<br>Nous avons d\u00e9j\u00e0 organis\u00e9 des voyages, les \u00e9l\u00e8ves \u00e9taient ravis de notre organisation. <br>Foudil organise des \u00e9v\u00e8nements salsa sur Grenoble depuis 2004, son s\u00e9rieux n&rsquo;est plus \u00e0 prouver ! <br>  <\/p>\n\n\n\n<figure class=\"wp-block-image size-large\"><img loading=\"lazy\" decoding=\"async\" width=\"1024\" height=\"598\" src=\"http:\/\/voyage-a-cuba.fr\/wp-content\/uploads\/2023\/07\/Avion2-1024x598.jpg\" alt=\"\" class=\"wp-image-173\" srcset=\"https:\/\/voyage-a-cuba.fr\/wp-content\/uploads\/2023\/07\/Avion2-1024x598.jpg 1024w, https:\/\/voyage-a-cuba.fr\/wp-content\/uploads\/2023\/07\/Avion2-300x175.jpg 300w, https:\/\/voyage-a-cuba.fr\/wp-content\/uploads\/2023\/07\/Avion2-768x448.jpg 768w, https:\/\/voyage-a-cuba.fr\/wp-content\/uploads\/2023\/07\/Avion2-1536x896.jpg 1536w, https:\/\/voyage-a-cuba.fr\/wp-content\/uploads\/2023\/07\/Avion2-2048x1195.jpg 2048w, https:\/\/voyage-a-cuba.fr\/wp-content\/uploads\/2023\/07\/Avion2-463x270.jpg 463w\" sizes=\"auto, (max-width: 1024px) 100vw, 1024px\" \/><figcaption class=\"wp-element-caption\">A\u00e9roport de Santiago de Cuba, ib\u00e9rojet<\/figcaption><\/figure>\n\n\n\n<figure class=\"wp-block-image size-large\"><img loading=\"lazy\" decoding=\"async\" width=\"1024\" height=\"768\" src=\"http:\/\/voyage-a-cuba.fr\/wp-content\/uploads\/2023\/07\/Aeroport-madrid-1024x768.jpg\" alt=\"\" class=\"wp-image-176\" srcset=\"https:\/\/voyage-a-cuba.fr\/wp-content\/uploads\/2023\/07\/Aeroport-madrid-1024x768.jpg 1024w, https:\/\/voyage-a-cuba.fr\/wp-content\/uploads\/2023\/07\/Aeroport-madrid-300x225.jpg 300w, https:\/\/voyage-a-cuba.fr\/wp-content\/uploads\/2023\/07\/Aeroport-madrid-768x576.jpg 768w, https:\/\/voyage-a-cuba.fr\/wp-content\/uploads\/2023\/07\/Aeroport-madrid-1536x1152.jpg 1536w, https:\/\/voyage-a-cuba.fr\/wp-content\/uploads\/2023\/07\/Aeroport-madrid-2048x1536.jpg 2048w, https:\/\/voyage-a-cuba.fr\/wp-content\/uploads\/2023\/07\/Aeroport-madrid-360x270.jpg 360w\" sizes=\"auto, (max-width: 1024px) 100vw, 1024px\" \/><figcaption class=\"wp-element-caption\">A\u00e9roport de Madrid<\/figcaption><\/figure>\n\n\n\n<figure class=\"wp-block-image size-large\"><img loading=\"lazy\" decoding=\"async\" width=\"1024\" height=\"768\" src=\"http:\/\/voyage-a-cuba.fr\/wp-content\/uploads\/2023\/07\/santiago-1024x768.jpg\" alt=\"\" class=\"wp-image-178\" srcset=\"https:\/\/voyage-a-cuba.fr\/wp-content\/uploads\/2023\/07\/santiago-1024x768.jpg 1024w, https:\/\/voyage-a-cuba.fr\/wp-content\/uploads\/2023\/07\/santiago-300x225.jpg 300w, https:\/\/voyage-a-cuba.fr\/wp-content\/uploads\/2023\/07\/santiago-768x576.jpg 768w, https:\/\/voyage-a-cuba.fr\/wp-content\/uploads\/2023\/07\/santiago-1536x1152.jpg 1536w, https:\/\/voyage-a-cuba.fr\/wp-content\/uploads\/2023\/07\/santiago-2048x1536.jpg 2048w, https:\/\/voyage-a-cuba.fr\/wp-content\/uploads\/2023\/07\/santiago-360x270.jpg 360w\" sizes=\"auto, (max-width: 1024px) 100vw, 1024px\" \/><figcaption class=\"wp-element-caption\">Santiago de Cuba<\/figcaption><\/figure>\n","protected":false},"excerpt":{"rendered":"<p>Salsa Grenoble vous aidera \u00e0 pr\u00e9parer votre voyage de A \u00e0 Z.Il y aura plusieurs r\u00e9unions d&rsquo;informations jusqu&rsquo;\u00e0 ce que tout soit clair pour vous dans les moindres d\u00e9tails. Nous r\u00e9pondrons \u00e0 toutes vos questions sur le d\u00e9roulement du s\u00e9jour mais aussi comment le pr\u00e9parer. Et ainsi \u00e9viter les quelques pi\u00e8ges. Le groupe qui partira avec nous, aura acc\u00e8s \u00e0 notre tableau de suivi en ligne, pour valider \u00e9tape par \u00e9tape.Salsa Grenoble est connu pour la qualit\u00e9 de ses cours&#8230;<\/p>\n<p class=\"read-more\"><a class=\"btn btn-default\" href=\"https:\/\/voyage-a-cuba.fr\/index.php\/preparer-son-voyage\/\">Lire la suite<span class=\"screen-reader-text\"> Lire la suite<\/span><\/a><\/p>\n","protected":false},"author":1,"featured_media":0,"parent":0,"menu_order":0,"comment_status":"closed","ping_status":"closed","template":"","meta":{"ngg_post_thumbnail":0,"footnotes":""},"class_list":["post-28","page","type-page","status-publish","hentry"],"_links":{"self":[{"href":"https:\/\/voyage-a-cuba.fr\/index.php\/wp-json\/wp\/v2\/pages\/28","targetHints":{"allow":["GET"]}}],"collection":[{"href":"https:\/\/voyage-a-cuba.fr\/index.php\/wp-json\/wp\/v2\/pages"}],"about":[{"href":"https:\/\/voyage-a-cuba.fr\/index.php\/wp-json\/wp\/v2\/types\/page"}],"author":[{"embeddable":true,"href":"https:\/\/voyage-a-cuba.fr\/index.php\/wp-json\/wp\/v2\/users\/1"}],"replies":[{"embeddable":true,"href":"https:\/\/voyage-a-cuba.fr\/index.php\/wp-json\/wp\/v2\/comments?post=28"}],"version-history":[{"count":11,"href":"https:\/\/voyage-a-cuba.fr\/index.php\/wp-json\/wp\/v2\/pages\/28\/revisions"}],"predecessor-version":[{"id":190,"href":"https:\/\/voyage-a-cuba.fr\/index.php\/wp-json\/wp\/v2\/pages\/28\/revisions\/190"}],"wp:attachment":[{"href":"https:\/\/voyage-a-cuba.fr\/index.php\/wp-json\/wp\/v2\/media?parent=28"}],"curies":[{"name":"wp","href":"https:\/\/api.w.org\/{rel}","templated":true}]}}