{"id":24,"date":"2023-07-01T02:20:56","date_gmt":"2023-07-01T00:20:56","guid":{"rendered":"http:\/\/voyage-a-cuba.fr\/?page_id=24"},"modified":"2023-07-01T16:56:33","modified_gmt":"2023-07-01T14:56:33","slug":"ou-sortir","status":"publish","type":"page","link":"https:\/\/voyage-a-cuba.fr\/index.php\/ou-sortir\/","title":{"rendered":"Ou sortir"},"content":{"rendered":"\n<p>A Santiago de Cuba, il y a des spectacles de danses tr\u00e8s r\u00e9guli\u00e8rement. <br>Salsa Grenoble vous accompagnera dans les diff\u00e9rents lieux de la culture cubaine. <br><br>Il y a aussi quelques visites de lieux pour les plus curieux. <br>Le s\u00e9jour est bas\u00e9 sur la danse, on restera donc \u00e0 Santiago mais rien ne vous emp\u00eache de vous aventurer un peu, de prolonger votre s\u00e9jour avec votre propre programme en allant \u00e0 la Havane \u00e9galement car c&rsquo;est vous qui achetez votre billet d&rsquo;avion. <br><br>La mer est \u00e0 environ 30 minutes en taxi. <br>A 20 min, il y a une petite \u00eele pour laquelle j&rsquo;ai eu un cours de c\u0153ur \u00ab\u00a0Cayo granma\u00a0\u00bb \ud83d\ude42  <br><\/p>\n\n\n\n<figure class=\"wp-block-image size-large\"><img loading=\"lazy\" decoding=\"async\" width=\"1024\" height=\"768\" src=\"http:\/\/voyage-a-cuba.fr\/wp-content\/uploads\/2023\/07\/Cayo-1024x768.jpg\" alt=\"\" class=\"wp-image-145\" srcset=\"https:\/\/voyage-a-cuba.fr\/wp-content\/uploads\/2023\/07\/Cayo-1024x768.jpg 1024w, https:\/\/voyage-a-cuba.fr\/wp-content\/uploads\/2023\/07\/Cayo-300x225.jpg 300w, https:\/\/voyage-a-cuba.fr\/wp-content\/uploads\/2023\/07\/Cayo-768x576.jpg 768w, https:\/\/voyage-a-cuba.fr\/wp-content\/uploads\/2023\/07\/Cayo-1536x1152.jpg 1536w, https:\/\/voyage-a-cuba.fr\/wp-content\/uploads\/2023\/07\/Cayo-2048x1536.jpg 2048w, https:\/\/voyage-a-cuba.fr\/wp-content\/uploads\/2023\/07\/Cayo-360x270.jpg 360w\" sizes=\"auto, (max-width: 1024px) 100vw, 1024px\" \/><figcaption class=\"wp-element-caption\">Ile de Cayo Granma<\/figcaption><\/figure>\n\n\n\n<figure class=\"wp-block-image size-large\"><img loading=\"lazy\" decoding=\"async\" width=\"1024\" height=\"982\" src=\"http:\/\/voyage-a-cuba.fr\/wp-content\/uploads\/2023\/07\/cayo2-1024x982.jpg\" alt=\"\" class=\"wp-image-146\" srcset=\"https:\/\/voyage-a-cuba.fr\/wp-content\/uploads\/2023\/07\/cayo2-1024x982.jpg 1024w, https:\/\/voyage-a-cuba.fr\/wp-content\/uploads\/2023\/07\/cayo2-300x288.jpg 300w, https:\/\/voyage-a-cuba.fr\/wp-content\/uploads\/2023\/07\/cayo2-768x737.jpg 768w, https:\/\/voyage-a-cuba.fr\/wp-content\/uploads\/2023\/07\/cayo2-1536x1474.jpg 1536w, https:\/\/voyage-a-cuba.fr\/wp-content\/uploads\/2023\/07\/cayo2-2048x1965.jpg 2048w, https:\/\/voyage-a-cuba.fr\/wp-content\/uploads\/2023\/07\/cayo2-281x270.jpg 281w\" sizes=\"auto, (max-width: 1024px) 100vw, 1024px\" \/><\/figure>\n\n\n\n<figure class=\"wp-block-image size-large\"><img loading=\"lazy\" decoding=\"async\" width=\"1024\" height=\"685\" src=\"http:\/\/voyage-a-cuba.fr\/wp-content\/uploads\/2023\/07\/Cayo3-1024x685.jpg\" alt=\"\" class=\"wp-image-147\" srcset=\"https:\/\/voyage-a-cuba.fr\/wp-content\/uploads\/2023\/07\/Cayo3-1024x685.jpg 1024w, https:\/\/voyage-a-cuba.fr\/wp-content\/uploads\/2023\/07\/Cayo3-300x201.jpg 300w, https:\/\/voyage-a-cuba.fr\/wp-content\/uploads\/2023\/07\/Cayo3-768x514.jpg 768w, https:\/\/voyage-a-cuba.fr\/wp-content\/uploads\/2023\/07\/Cayo3-1536x1027.jpg 1536w, https:\/\/voyage-a-cuba.fr\/wp-content\/uploads\/2023\/07\/Cayo3-2048x1370.jpg 2048w, https:\/\/voyage-a-cuba.fr\/wp-content\/uploads\/2023\/07\/Cayo3-404x270.jpg 404w\" sizes=\"auto, (max-width: 1024px) 100vw, 1024px\" \/><\/figure>\n\n\n\n<figure class=\"wp-block-image size-large\"><img loading=\"lazy\" decoding=\"async\" width=\"1024\" height=\"768\" src=\"http:\/\/voyage-a-cuba.fr\/wp-content\/uploads\/2023\/07\/Cayo4-1024x768.jpg\" alt=\"\" class=\"wp-image-148\" srcset=\"https:\/\/voyage-a-cuba.fr\/wp-content\/uploads\/2023\/07\/Cayo4-1024x768.jpg 1024w, https:\/\/voyage-a-cuba.fr\/wp-content\/uploads\/2023\/07\/Cayo4-300x225.jpg 300w, https:\/\/voyage-a-cuba.fr\/wp-content\/uploads\/2023\/07\/Cayo4-768x576.jpg 768w, https:\/\/voyage-a-cuba.fr\/wp-content\/uploads\/2023\/07\/Cayo4-1536x1152.jpg 1536w, https:\/\/voyage-a-cuba.fr\/wp-content\/uploads\/2023\/07\/Cayo4-2048x1536.jpg 2048w, https:\/\/voyage-a-cuba.fr\/wp-content\/uploads\/2023\/07\/Cayo4-360x270.jpg 360w\" sizes=\"auto, (max-width: 1024px) 100vw, 1024px\" \/><\/figure>\n\n\n\n<figure class=\"wp-block-image size-large is-resized\"><img loading=\"lazy\" decoding=\"async\" src=\"http:\/\/voyage-a-cuba.fr\/wp-content\/uploads\/2023\/07\/Cayo5-1024x768.jpg\" alt=\"\" class=\"wp-image-150\" width=\"840\" height=\"630\" srcset=\"https:\/\/voyage-a-cuba.fr\/wp-content\/uploads\/2023\/07\/Cayo5-1024x768.jpg 1024w, https:\/\/voyage-a-cuba.fr\/wp-content\/uploads\/2023\/07\/Cayo5-300x225.jpg 300w, https:\/\/voyage-a-cuba.fr\/wp-content\/uploads\/2023\/07\/Cayo5-768x576.jpg 768w, https:\/\/voyage-a-cuba.fr\/wp-content\/uploads\/2023\/07\/Cayo5-1536x1152.jpg 1536w, https:\/\/voyage-a-cuba.fr\/wp-content\/uploads\/2023\/07\/Cayo5-2048x1536.jpg 2048w, https:\/\/voyage-a-cuba.fr\/wp-content\/uploads\/2023\/07\/Cayo5-360x270.jpg 360w\" sizes=\"auto, (max-width: 840px) 100vw, 840px\" \/><figcaption class=\"wp-element-caption\">Le frangipanier<\/figcaption><\/figure>\n\n\n\n<figure class=\"wp-block-image size-large\"><img loading=\"lazy\" decoding=\"async\" width=\"1024\" height=\"768\" src=\"http:\/\/voyage-a-cuba.fr\/wp-content\/uploads\/2023\/07\/Cayo6-1024x768.jpg\" alt=\"\" class=\"wp-image-152\" srcset=\"https:\/\/voyage-a-cuba.fr\/wp-content\/uploads\/2023\/07\/Cayo6-1024x768.jpg 1024w, https:\/\/voyage-a-cuba.fr\/wp-content\/uploads\/2023\/07\/Cayo6-300x225.jpg 300w, https:\/\/voyage-a-cuba.fr\/wp-content\/uploads\/2023\/07\/Cayo6-768x576.jpg 768w, https:\/\/voyage-a-cuba.fr\/wp-content\/uploads\/2023\/07\/Cayo6-1536x1152.jpg 1536w, https:\/\/voyage-a-cuba.fr\/wp-content\/uploads\/2023\/07\/Cayo6-2048x1536.jpg 2048w, https:\/\/voyage-a-cuba.fr\/wp-content\/uploads\/2023\/07\/Cayo6-360x270.jpg 360w\" sizes=\"auto, (max-width: 1024px) 100vw, 1024px\" \/><figcaption class=\"wp-element-caption\">Des musiciens r\u00e9put\u00e9s et tr\u00e8s humble .<\/figcaption><\/figure>\n\n\n\n<figure class=\"wp-block-image size-large\"><img loading=\"lazy\" decoding=\"async\" width=\"1024\" height=\"768\" src=\"http:\/\/voyage-a-cuba.fr\/wp-content\/uploads\/2023\/07\/Poisson-Cayo-1024x768.jpg\" alt=\"\" class=\"wp-image-154\" srcset=\"https:\/\/voyage-a-cuba.fr\/wp-content\/uploads\/2023\/07\/Poisson-Cayo-1024x768.jpg 1024w, https:\/\/voyage-a-cuba.fr\/wp-content\/uploads\/2023\/07\/Poisson-Cayo-300x225.jpg 300w, https:\/\/voyage-a-cuba.fr\/wp-content\/uploads\/2023\/07\/Poisson-Cayo-768x576.jpg 768w, https:\/\/voyage-a-cuba.fr\/wp-content\/uploads\/2023\/07\/Poisson-Cayo-1536x1152.jpg 1536w, https:\/\/voyage-a-cuba.fr\/wp-content\/uploads\/2023\/07\/Poisson-Cayo-2048x1536.jpg 2048w, https:\/\/voyage-a-cuba.fr\/wp-content\/uploads\/2023\/07\/Poisson-Cayo-360x270.jpg 360w\" sizes=\"auto, (max-width: 1024px) 100vw, 1024px\" \/><\/figure>\n\n\n\n<figure class=\"wp-block-image size-large\"><img loading=\"lazy\" decoding=\"async\" width=\"763\" height=\"1024\" src=\"http:\/\/voyage-a-cuba.fr\/wp-content\/uploads\/2023\/07\/foudil-cayo-763x1024.jpg\" alt=\"\" class=\"wp-image-155\" srcset=\"https:\/\/voyage-a-cuba.fr\/wp-content\/uploads\/2023\/07\/foudil-cayo-763x1024.jpg 763w, https:\/\/voyage-a-cuba.fr\/wp-content\/uploads\/2023\/07\/foudil-cayo-224x300.jpg 224w, https:\/\/voyage-a-cuba.fr\/wp-content\/uploads\/2023\/07\/foudil-cayo-768x1031.jpg 768w, https:\/\/voyage-a-cuba.fr\/wp-content\/uploads\/2023\/07\/foudil-cayo-1144x1536.jpg 1144w, https:\/\/voyage-a-cuba.fr\/wp-content\/uploads\/2023\/07\/foudil-cayo-1526x2048.jpg 1526w, https:\/\/voyage-a-cuba.fr\/wp-content\/uploads\/2023\/07\/foudil-cayo-201x270.jpg 201w, https:\/\/voyage-a-cuba.fr\/wp-content\/uploads\/2023\/07\/foudil-cayo-scaled.jpg 1907w\" sizes=\"auto, (max-width: 763px) 100vw, 763px\" \/><\/figure>\n\n\n\n<figure class=\"wp-block-image size-large\"><img loading=\"lazy\" decoding=\"async\" width=\"768\" height=\"1024\" src=\"http:\/\/voyage-a-cuba.fr\/wp-content\/uploads\/2023\/07\/Cayo7-768x1024.jpg\" alt=\"\" class=\"wp-image-157\" srcset=\"https:\/\/voyage-a-cuba.fr\/wp-content\/uploads\/2023\/07\/Cayo7-768x1024.jpg 768w, https:\/\/voyage-a-cuba.fr\/wp-content\/uploads\/2023\/07\/Cayo7-225x300.jpg 225w, https:\/\/voyage-a-cuba.fr\/wp-content\/uploads\/2023\/07\/Cayo7-1152x1536.jpg 1152w, https:\/\/voyage-a-cuba.fr\/wp-content\/uploads\/2023\/07\/Cayo7-1536x2048.jpg 1536w, https:\/\/voyage-a-cuba.fr\/wp-content\/uploads\/2023\/07\/Cayo7-203x270.jpg 203w, https:\/\/voyage-a-cuba.fr\/wp-content\/uploads\/2023\/07\/Cayo7-scaled.jpg 1920w\" sizes=\"auto, (max-width: 768px) 100vw, 768px\" \/><\/figure>\n\n\n\n<figure class=\"wp-block-image size-large\"><img loading=\"lazy\" decoding=\"async\" width=\"768\" height=\"1024\" src=\"http:\/\/voyage-a-cuba.fr\/wp-content\/uploads\/2023\/07\/Cuba-Cayo-768x1024.jpg\" alt=\"\" class=\"wp-image-159\" srcset=\"https:\/\/voyage-a-cuba.fr\/wp-content\/uploads\/2023\/07\/Cuba-Cayo-768x1024.jpg 768w, https:\/\/voyage-a-cuba.fr\/wp-content\/uploads\/2023\/07\/Cuba-Cayo-225x300.jpg 225w, https:\/\/voyage-a-cuba.fr\/wp-content\/uploads\/2023\/07\/Cuba-Cayo-1152x1536.jpg 1152w, https:\/\/voyage-a-cuba.fr\/wp-content\/uploads\/2023\/07\/Cuba-Cayo-1536x2048.jpg 1536w, https:\/\/voyage-a-cuba.fr\/wp-content\/uploads\/2023\/07\/Cuba-Cayo-203x270.jpg 203w, https:\/\/voyage-a-cuba.fr\/wp-content\/uploads\/2023\/07\/Cuba-Cayo-scaled.jpg 1920w\" sizes=\"auto, (max-width: 768px) 100vw, 768px\" \/><\/figure>\n\n\n\n<h2 class=\"wp-block-heading\">Et d&rsquo;autres lieux au centre ville &#8230;.<\/h2>\n\n\n\n<figure class=\"wp-block-image size-large\"><img loading=\"lazy\" decoding=\"async\" width=\"1024\" height=\"768\" src=\"http:\/\/voyage-a-cuba.fr\/wp-content\/uploads\/2023\/07\/Casa-trova-1024x768.jpg\" alt=\"\" class=\"wp-image-161\" srcset=\"https:\/\/voyage-a-cuba.fr\/wp-content\/uploads\/2023\/07\/Casa-trova-1024x768.jpg 1024w, https:\/\/voyage-a-cuba.fr\/wp-content\/uploads\/2023\/07\/Casa-trova-300x225.jpg 300w, https:\/\/voyage-a-cuba.fr\/wp-content\/uploads\/2023\/07\/Casa-trova-768x576.jpg 768w, https:\/\/voyage-a-cuba.fr\/wp-content\/uploads\/2023\/07\/Casa-trova-1536x1152.jpg 1536w, https:\/\/voyage-a-cuba.fr\/wp-content\/uploads\/2023\/07\/Casa-trova-2048x1536.jpg 2048w, https:\/\/voyage-a-cuba.fr\/wp-content\/uploads\/2023\/07\/Casa-trova-360x270.jpg 360w\" sizes=\"auto, (max-width: 1024px) 100vw, 1024px\" \/><figcaption class=\"wp-element-caption\">Casa de la Trova \u00e0 Santiago<\/figcaption><\/figure>\n\n\n\n<figure class=\"wp-block-image size-large\"><img loading=\"lazy\" decoding=\"async\" width=\"1024\" height=\"816\" src=\"http:\/\/voyage-a-cuba.fr\/wp-content\/uploads\/2023\/07\/Cultura-africana-casa-1024x816.jpg\" alt=\"\" class=\"wp-image-162\" srcset=\"https:\/\/voyage-a-cuba.fr\/wp-content\/uploads\/2023\/07\/Cultura-africana-casa-1024x816.jpg 1024w, https:\/\/voyage-a-cuba.fr\/wp-content\/uploads\/2023\/07\/Cultura-africana-casa-300x239.jpg 300w, https:\/\/voyage-a-cuba.fr\/wp-content\/uploads\/2023\/07\/Cultura-africana-casa-768x612.jpg 768w, https:\/\/voyage-a-cuba.fr\/wp-content\/uploads\/2023\/07\/Cultura-africana-casa-339x270.jpg 339w, https:\/\/voyage-a-cuba.fr\/wp-content\/uploads\/2023\/07\/Cultura-africana-casa.jpg 1259w\" sizes=\"auto, (max-width: 1024px) 100vw, 1024px\" \/><figcaption class=\"wp-element-caption\">Spectacle \u00e0 la casa de la cultura africana <\/figcaption><\/figure>\n","protected":false},"excerpt":{"rendered":"<p>A Santiago de Cuba, il y a des spectacles de danses tr\u00e8s r\u00e9guli\u00e8rement. Salsa Grenoble vous accompagnera dans les diff\u00e9rents lieux de la culture cubaine. Il y a aussi quelques visites de lieux pour les plus curieux. Le s\u00e9jour est bas\u00e9 sur la danse, on restera donc \u00e0 Santiago mais rien ne vous emp\u00eache de vous aventurer un peu, de prolonger votre s\u00e9jour avec votre propre programme en allant \u00e0 la Havane \u00e9galement car c&rsquo;est vous qui achetez votre billet&#8230;<\/p>\n<p class=\"read-more\"><a class=\"btn btn-default\" href=\"https:\/\/voyage-a-cuba.fr\/index.php\/ou-sortir\/\">Lire la suite<span class=\"screen-reader-text\"> Lire la suite<\/span><\/a><\/p>\n","protected":false},"author":1,"featured_media":0,"parent":0,"menu_order":0,"comment_status":"closed","ping_status":"closed","template":"","meta":{"ngg_post_thumbnail":0,"footnotes":""},"class_list":["post-24","page","type-page","status-publish","hentry"],"_links":{"self":[{"href":"https:\/\/voyage-a-cuba.fr\/index.php\/wp-json\/wp\/v2\/pages\/24","targetHints":{"allow":["GET"]}}],"collection":[{"href":"https:\/\/voyage-a-cuba.fr\/index.php\/wp-json\/wp\/v2\/pages"}],"about":[{"href":"https:\/\/voyage-a-cuba.fr\/index.php\/wp-json\/wp\/v2\/types\/page"}],"author":[{"embeddable":true,"href":"https:\/\/voyage-a-cuba.fr\/index.php\/wp-json\/wp\/v2\/users\/1"}],"replies":[{"embeddable":true,"href":"https:\/\/voyage-a-cuba.fr\/index.php\/wp-json\/wp\/v2\/comments?post=24"}],"version-history":[{"count":13,"href":"https:\/\/voyage-a-cuba.fr\/index.php\/wp-json\/wp\/v2\/pages\/24\/revisions"}],"predecessor-version":[{"id":167,"href":"https:\/\/voyage-a-cuba.fr\/index.php\/wp-json\/wp\/v2\/pages\/24\/revisions\/167"}],"wp:attachment":[{"href":"https:\/\/voyage-a-cuba.fr\/index.php\/wp-json\/wp\/v2\/media?parent=24"}],"curies":[{"name":"wp","href":"https:\/\/api.w.org\/{rel}","templated":true}]}}