{"id":22,"date":"2023-07-01T02:20:43","date_gmt":"2023-07-01T00:20:43","guid":{"rendered":"http:\/\/voyage-a-cuba.fr\/?page_id=22"},"modified":"2023-07-01T16:29:27","modified_gmt":"2023-07-01T14:29:27","slug":"ou-manger","status":"publish","type":"page","link":"https:\/\/voyage-a-cuba.fr\/index.php\/ou-manger\/","title":{"rendered":"La nourriture \u00e0 Cuba"},"content":{"rendered":"\n<p>Salsa Grenoble a test\u00e9 pour vous diff\u00e9rents lieux de restaurations. <br>Pendant le s\u00e9jour, nous irons tous ensemble d\u00e9couvrir ces lieux test\u00e9s par Foudil.<br>Restaurant ou chez l&rsquo;habitant \ud83d\ude42 <br>Crevettes, langoustes, riz, gombo, poulet bio, poissons, salades, banane plantin, mangues, &#8230;. <br>La nourriture est tr\u00e8s bonne mais pas hyper vari\u00e9e non plus. <br>Pour un s\u00e9jour de 2 semaines ce n&rsquo;est pas du tout un souci ! <br>Le souci c&rsquo;est plus pour les cubains qui d\u00e9veloppent des carences. <br><br><\/p>\n\n\n\n<figure class=\"wp-block-image size-large\"><img loading=\"lazy\" decoding=\"async\" width=\"1024\" height=\"768\" src=\"http:\/\/voyage-a-cuba.fr\/wp-content\/uploads\/2023\/07\/manger-cuba-1024x768.jpg\" alt=\"\" class=\"wp-image-134\" srcset=\"https:\/\/voyage-a-cuba.fr\/wp-content\/uploads\/2023\/07\/manger-cuba-1024x768.jpg 1024w, https:\/\/voyage-a-cuba.fr\/wp-content\/uploads\/2023\/07\/manger-cuba-300x225.jpg 300w, https:\/\/voyage-a-cuba.fr\/wp-content\/uploads\/2023\/07\/manger-cuba-768x576.jpg 768w, https:\/\/voyage-a-cuba.fr\/wp-content\/uploads\/2023\/07\/manger-cuba-1536x1152.jpg 1536w, https:\/\/voyage-a-cuba.fr\/wp-content\/uploads\/2023\/07\/manger-cuba-2048x1536.jpg 2048w, https:\/\/voyage-a-cuba.fr\/wp-content\/uploads\/2023\/07\/manger-cuba-360x270.jpg 360w\" sizes=\"auto, (max-width: 1024px) 100vw, 1024px\" \/><\/figure>\n\n\n\n<figure class=\"wp-block-image size-large\"><img loading=\"lazy\" decoding=\"async\" width=\"1024\" height=\"768\" src=\"http:\/\/voyage-a-cuba.fr\/wp-content\/uploads\/2023\/07\/restau-1024x768.jpg\" alt=\"\" class=\"wp-image-135\" srcset=\"https:\/\/voyage-a-cuba.fr\/wp-content\/uploads\/2023\/07\/restau-1024x768.jpg 1024w, https:\/\/voyage-a-cuba.fr\/wp-content\/uploads\/2023\/07\/restau-300x225.jpg 300w, https:\/\/voyage-a-cuba.fr\/wp-content\/uploads\/2023\/07\/restau-768x576.jpg 768w, https:\/\/voyage-a-cuba.fr\/wp-content\/uploads\/2023\/07\/restau-1536x1152.jpg 1536w, https:\/\/voyage-a-cuba.fr\/wp-content\/uploads\/2023\/07\/restau-2048x1536.jpg 2048w, https:\/\/voyage-a-cuba.fr\/wp-content\/uploads\/2023\/07\/restau-360x270.jpg 360w\" sizes=\"auto, (max-width: 1024px) 100vw, 1024px\" \/><\/figure>\n\n\n\n<figure class=\"wp-block-image size-large\"><img loading=\"lazy\" decoding=\"async\" width=\"1024\" height=\"686\" src=\"http:\/\/voyage-a-cuba.fr\/wp-content\/uploads\/2023\/07\/crevettes-cuba-1024x686.jpg\" alt=\"\" class=\"wp-image-138\" srcset=\"https:\/\/voyage-a-cuba.fr\/wp-content\/uploads\/2023\/07\/crevettes-cuba-1024x686.jpg 1024w, https:\/\/voyage-a-cuba.fr\/wp-content\/uploads\/2023\/07\/crevettes-cuba-300x201.jpg 300w, https:\/\/voyage-a-cuba.fr\/wp-content\/uploads\/2023\/07\/crevettes-cuba-768x514.jpg 768w, https:\/\/voyage-a-cuba.fr\/wp-content\/uploads\/2023\/07\/crevettes-cuba-403x270.jpg 403w, https:\/\/voyage-a-cuba.fr\/wp-content\/uploads\/2023\/07\/crevettes-cuba.jpg 1080w\" sizes=\"auto, (max-width: 1024px) 100vw, 1024px\" \/><\/figure>\n\n\n\n<figure class=\"wp-block-image size-large\"><img loading=\"lazy\" decoding=\"async\" width=\"1024\" height=\"837\" src=\"http:\/\/voyage-a-cuba.fr\/wp-content\/uploads\/2023\/07\/Alina-Restaurant-1024x837.jpg\" alt=\"\" class=\"wp-image-140\" srcset=\"https:\/\/voyage-a-cuba.fr\/wp-content\/uploads\/2023\/07\/Alina-Restaurant-1024x837.jpg 1024w, https:\/\/voyage-a-cuba.fr\/wp-content\/uploads\/2023\/07\/Alina-Restaurant-300x245.jpg 300w, https:\/\/voyage-a-cuba.fr\/wp-content\/uploads\/2023\/07\/Alina-Restaurant-768x628.jpg 768w, https:\/\/voyage-a-cuba.fr\/wp-content\/uploads\/2023\/07\/Alina-Restaurant-1536x1255.jpg 1536w, https:\/\/voyage-a-cuba.fr\/wp-content\/uploads\/2023\/07\/Alina-Restaurant-2048x1674.jpg 2048w, https:\/\/voyage-a-cuba.fr\/wp-content\/uploads\/2023\/07\/Alina-Restaurant-330x270.jpg 330w\" sizes=\"auto, (max-width: 1024px) 100vw, 1024px\" \/><\/figure>\n\n\n\n<figure class=\"wp-block-image size-large\"><img loading=\"lazy\" decoding=\"async\" width=\"1024\" height=\"768\" src=\"http:\/\/voyage-a-cuba.fr\/wp-content\/uploads\/2023\/07\/Playa-Caleton-1024x768.jpg\" alt=\"\" class=\"wp-image-142\" srcset=\"https:\/\/voyage-a-cuba.fr\/wp-content\/uploads\/2023\/07\/Playa-Caleton-1024x768.jpg 1024w, https:\/\/voyage-a-cuba.fr\/wp-content\/uploads\/2023\/07\/Playa-Caleton-300x225.jpg 300w, https:\/\/voyage-a-cuba.fr\/wp-content\/uploads\/2023\/07\/Playa-Caleton-768x576.jpg 768w, https:\/\/voyage-a-cuba.fr\/wp-content\/uploads\/2023\/07\/Playa-Caleton-1536x1152.jpg 1536w, https:\/\/voyage-a-cuba.fr\/wp-content\/uploads\/2023\/07\/Playa-Caleton-2048x1536.jpg 2048w, https:\/\/voyage-a-cuba.fr\/wp-content\/uploads\/2023\/07\/Playa-Caleton-360x270.jpg 360w\" sizes=\"auto, (max-width: 1024px) 100vw, 1024px\" \/><\/figure>\n","protected":false},"excerpt":{"rendered":"<p>Salsa Grenoble a test\u00e9 pour vous diff\u00e9rents lieux de restaurations. Pendant le s\u00e9jour, nous irons tous ensemble d\u00e9couvrir ces lieux test\u00e9s par Foudil.Restaurant ou chez l&rsquo;habitant \ud83d\ude42 Crevettes, langoustes, riz, gombo, poulet bio, poissons, salades, banane plantin, mangues, &#8230;. La nourriture est tr\u00e8s bonne mais pas hyper vari\u00e9e non plus. Pour un s\u00e9jour de 2 semaines ce n&rsquo;est pas du tout un souci ! Le souci c&rsquo;est plus pour les cubains qui d\u00e9veloppent des carences.<\/p>\n","protected":false},"author":1,"featured_media":0,"parent":0,"menu_order":0,"comment_status":"closed","ping_status":"closed","template":"","meta":{"ngg_post_thumbnail":0,"footnotes":""},"class_list":["post-22","page","type-page","status-publish","hentry"],"_links":{"self":[{"href":"https:\/\/voyage-a-cuba.fr\/index.php\/wp-json\/wp\/v2\/pages\/22","targetHints":{"allow":["GET"]}}],"collection":[{"href":"https:\/\/voyage-a-cuba.fr\/index.php\/wp-json\/wp\/v2\/pages"}],"about":[{"href":"https:\/\/voyage-a-cuba.fr\/index.php\/wp-json\/wp\/v2\/types\/page"}],"author":[{"embeddable":true,"href":"https:\/\/voyage-a-cuba.fr\/index.php\/wp-json\/wp\/v2\/users\/1"}],"replies":[{"embeddable":true,"href":"https:\/\/voyage-a-cuba.fr\/index.php\/wp-json\/wp\/v2\/comments?post=22"}],"version-history":[{"count":8,"href":"https:\/\/voyage-a-cuba.fr\/index.php\/wp-json\/wp\/v2\/pages\/22\/revisions"}],"predecessor-version":[{"id":143,"href":"https:\/\/voyage-a-cuba.fr\/index.php\/wp-json\/wp\/v2\/pages\/22\/revisions\/143"}],"wp:attachment":[{"href":"https:\/\/voyage-a-cuba.fr\/index.php\/wp-json\/wp\/v2\/media?parent=22"}],"curies":[{"name":"wp","href":"https:\/\/api.w.org\/{rel}","templated":true}]}}