{"id":20,"date":"2023-07-01T02:20:11","date_gmt":"2023-07-01T00:20:11","guid":{"rendered":"http:\/\/voyage-a-cuba.fr\/?page_id=20"},"modified":"2023-07-01T13:53:05","modified_gmt":"2023-07-01T11:53:05","slug":"les-cours-de-danse","status":"publish","type":"page","link":"https:\/\/voyage-a-cuba.fr\/index.php\/les-cours-de-danse\/","title":{"rendered":"Les cours de danse"},"content":{"rendered":"\n<p>Santiago de Cuba est le c\u0153ur de la danse \u00e0 Cuba. <br>Pendant le s\u00e9jour, vous pourrez apprendre ou perfectionner la <strong>salsa cubaine<\/strong>, le <strong>reggaeton<\/strong>, le <strong>guaguanco<\/strong>, la <strong>columbia<\/strong>, le <strong>son cubano<\/strong>, le <strong>chacha cubano<\/strong>, les <strong>orishas<\/strong>, &#8230; <br>Salsa Grenoble a s\u00e9lectionn\u00e9 des professeurs \/ danseurs r\u00e9put\u00e9s \u00e0 Santiago ! <br><br>Les participants \u00e0 chaque voyage sont <strong>regroup\u00e9s par niveau <\/strong>afin que le niveau des cours soit adapt\u00e9s \u00e0 tous. <br>Le voyage est sur mesure ! Le but est de r\u00e9pondre  \u00e0 ce que vous recherchez. <br>Pendant le s\u00e9jour vous aurez des <strong>cours collectifs<\/strong> mais aussi des <strong>cours particuliers. <\/strong><br><\/p>\n\n\n\n<figure class=\"wp-block-image size-large\"><img loading=\"lazy\" decoding=\"async\" width=\"1024\" height=\"575\" src=\"http:\/\/voyage-a-cuba.fr\/wp-content\/uploads\/2023\/07\/Cuba-Salsa-Grenoble2-1024x575.jpg\" alt=\"\" class=\"wp-image-91\" srcset=\"https:\/\/voyage-a-cuba.fr\/wp-content\/uploads\/2023\/07\/Cuba-Salsa-Grenoble2-1024x575.jpg 1024w, https:\/\/voyage-a-cuba.fr\/wp-content\/uploads\/2023\/07\/Cuba-Salsa-Grenoble2-300x169.jpg 300w, https:\/\/voyage-a-cuba.fr\/wp-content\/uploads\/2023\/07\/Cuba-Salsa-Grenoble2-768x432.jpg 768w, https:\/\/voyage-a-cuba.fr\/wp-content\/uploads\/2023\/07\/Cuba-Salsa-Grenoble2-1536x863.jpg 1536w, https:\/\/voyage-a-cuba.fr\/wp-content\/uploads\/2023\/07\/Cuba-Salsa-Grenoble2-2048x1151.jpg 2048w, https:\/\/voyage-a-cuba.fr\/wp-content\/uploads\/2023\/07\/Cuba-Salsa-Grenoble2-480x270.jpg 480w\" sizes=\"auto, (max-width: 1024px) 100vw, 1024px\" \/><\/figure>\n","protected":false},"excerpt":{"rendered":"<p>Santiago de Cuba est le c\u0153ur de la danse \u00e0 Cuba. Pendant le s\u00e9jour, vous pourrez apprendre ou perfectionner la salsa cubaine, le reggaeton, le guaguanco, la columbia, le son cubano, le chacha cubano, les orishas, &#8230; Salsa Grenoble a s\u00e9lectionn\u00e9 des professeurs \/ danseurs r\u00e9put\u00e9s \u00e0 Santiago ! Les participants \u00e0 chaque voyage sont regroup\u00e9s par niveau afin que le niveau des cours soit adapt\u00e9s \u00e0 tous. Le voyage est sur mesure ! Le but est de r\u00e9pondre \u00e0&#8230;<\/p>\n<p class=\"read-more\"><a class=\"btn btn-default\" href=\"https:\/\/voyage-a-cuba.fr\/index.php\/les-cours-de-danse\/\">Lire la suite<span class=\"screen-reader-text\"> Lire la suite<\/span><\/a><\/p>\n","protected":false},"author":1,"featured_media":0,"parent":0,"menu_order":0,"comment_status":"closed","ping_status":"closed","template":"","meta":{"ngg_post_thumbnail":0,"footnotes":""},"class_list":["post-20","page","type-page","status-publish","hentry"],"_links":{"self":[{"href":"https:\/\/voyage-a-cuba.fr\/index.php\/wp-json\/wp\/v2\/pages\/20","targetHints":{"allow":["GET"]}}],"collection":[{"href":"https:\/\/voyage-a-cuba.fr\/index.php\/wp-json\/wp\/v2\/pages"}],"about":[{"href":"https:\/\/voyage-a-cuba.fr\/index.php\/wp-json\/wp\/v2\/types\/page"}],"author":[{"embeddable":true,"href":"https:\/\/voyage-a-cuba.fr\/index.php\/wp-json\/wp\/v2\/users\/1"}],"replies":[{"embeddable":true,"href":"https:\/\/voyage-a-cuba.fr\/index.php\/wp-json\/wp\/v2\/comments?post=20"}],"version-history":[{"count":4,"href":"https:\/\/voyage-a-cuba.fr\/index.php\/wp-json\/wp\/v2\/pages\/20\/revisions"}],"predecessor-version":[{"id":92,"href":"https:\/\/voyage-a-cuba.fr\/index.php\/wp-json\/wp\/v2\/pages\/20\/revisions\/92"}],"wp:attachment":[{"href":"https:\/\/voyage-a-cuba.fr\/index.php\/wp-json\/wp\/v2\/media?parent=20"}],"curies":[{"name":"wp","href":"https:\/\/api.w.org\/{rel}","templated":true}]}}