{"id":14,"date":"2023-07-01T02:14:17","date_gmt":"2023-07-01T00:14:17","guid":{"rendered":"http:\/\/voyage-a-cuba.fr\/?page_id=14"},"modified":"2023-07-01T23:33:58","modified_gmt":"2023-07-01T21:33:58","slug":"logements","status":"publish","type":"page","link":"https:\/\/voyage-a-cuba.fr\/index.php\/logements\/","title":{"rendered":"Chambre chez l&rsquo;habitant"},"content":{"rendered":"\n<p>Salsa Grenoble est en contact avec des logeurs (Casa particular). <br>Chaque logeur poss\u00e8de une licence qui lui permet d&rsquo;exercer officiellement l&rsquo;h\u00e9bergement de touristes.  <br>Chaque chambre chez l&rsquo;habitant est visit\u00e9e et valid\u00e9e avant la venue des \u00e9l\u00e8ves par Salsa Grenoble. <br>Une semaine avant que vous arriviez, SG refait une tourn\u00e9e des \u00ab\u00a0Casa particular\u00a0\u00bb.<br>La qualit\u00e9 est notre priorit\u00e9  : Accueil, propret\u00e9, climatisation, s\u00e9curit\u00e9 des lieux, situ\u00e9 \u00e0 3 min \u00e0 pied de la salle de danse.<br>Tous les \u00e9l\u00e8ves sont log\u00e9s dans le m\u00eame quartier \u00e0 c\u00f4t\u00e9 de la salle des cours. <br><br>Vous pouvez partager les frais d&rsquo;une chambre ou prendre une chambre solo. <br>Le prix de la chambre est fixe qu&rsquo;il y est 1 ou 2 personnes, le prix est \u00e0 diviser. <br>Chaque chambre poss\u00e8de : Douche, WC, climatisation, lit simple ou double, rangement pour les affaires, parfois un frigo pour les boissons. <\/p>\n\n\n\n<figure class=\"wp-block-image size-large\"><img loading=\"lazy\" decoding=\"async\" width=\"1024\" height=\"768\" src=\"http:\/\/voyage-a-cuba.fr\/wp-content\/uploads\/2023\/07\/Logeur-1024x768.jpg\" alt=\"\" class=\"wp-image-94\" srcset=\"https:\/\/voyage-a-cuba.fr\/wp-content\/uploads\/2023\/07\/Logeur-1024x768.jpg 1024w, https:\/\/voyage-a-cuba.fr\/wp-content\/uploads\/2023\/07\/Logeur-300x225.jpg 300w, https:\/\/voyage-a-cuba.fr\/wp-content\/uploads\/2023\/07\/Logeur-768x576.jpg 768w, https:\/\/voyage-a-cuba.fr\/wp-content\/uploads\/2023\/07\/Logeur-1536x1152.jpg 1536w, https:\/\/voyage-a-cuba.fr\/wp-content\/uploads\/2023\/07\/Logeur-2048x1536.jpg 2048w, https:\/\/voyage-a-cuba.fr\/wp-content\/uploads\/2023\/07\/Logeur-360x270.jpg 360w\" sizes=\"auto, (max-width: 1024px) 100vw, 1024px\" \/><\/figure>\n\n\n\n<figure class=\"wp-block-image size-large\"><img loading=\"lazy\" decoding=\"async\" width=\"1024\" height=\"768\" src=\"http:\/\/voyage-a-cuba.fr\/wp-content\/uploads\/2023\/07\/logeur2-1024x768.jpg\" alt=\"\" class=\"wp-image-95\" srcset=\"https:\/\/voyage-a-cuba.fr\/wp-content\/uploads\/2023\/07\/logeur2-1024x768.jpg 1024w, https:\/\/voyage-a-cuba.fr\/wp-content\/uploads\/2023\/07\/logeur2-300x225.jpg 300w, https:\/\/voyage-a-cuba.fr\/wp-content\/uploads\/2023\/07\/logeur2-768x576.jpg 768w, https:\/\/voyage-a-cuba.fr\/wp-content\/uploads\/2023\/07\/logeur2-1536x1152.jpg 1536w, https:\/\/voyage-a-cuba.fr\/wp-content\/uploads\/2023\/07\/logeur2-2048x1536.jpg 2048w, https:\/\/voyage-a-cuba.fr\/wp-content\/uploads\/2023\/07\/logeur2-360x270.jpg 360w\" sizes=\"auto, (max-width: 1024px) 100vw, 1024px\" \/><\/figure>\n\n\n\n<figure class=\"wp-block-gallery has-nested-images columns-default is-cropped wp-block-gallery-1 is-layout-flex wp-block-gallery-is-layout-flex\">\n<figure class=\"wp-block-image size-large\"><img loading=\"lazy\" decoding=\"async\" width=\"1024\" height=\"768\" data-id=\"96\" src=\"http:\/\/voyage-a-cuba.fr\/wp-content\/uploads\/2023\/07\/logeur3-1024x768.jpg\" alt=\"\" class=\"wp-image-96\" srcset=\"https:\/\/voyage-a-cuba.fr\/wp-content\/uploads\/2023\/07\/logeur3-1024x768.jpg 1024w, https:\/\/voyage-a-cuba.fr\/wp-content\/uploads\/2023\/07\/logeur3-300x225.jpg 300w, https:\/\/voyage-a-cuba.fr\/wp-content\/uploads\/2023\/07\/logeur3-768x576.jpg 768w, https:\/\/voyage-a-cuba.fr\/wp-content\/uploads\/2023\/07\/logeur3-1536x1152.jpg 1536w, https:\/\/voyage-a-cuba.fr\/wp-content\/uploads\/2023\/07\/logeur3-2048x1536.jpg 2048w, https:\/\/voyage-a-cuba.fr\/wp-content\/uploads\/2023\/07\/logeur3-360x270.jpg 360w\" sizes=\"auto, (max-width: 1024px) 100vw, 1024px\" \/><\/figure>\n<\/figure>\n","protected":false},"excerpt":{"rendered":"<p>Salsa Grenoble est en contact avec des logeurs (Casa particular). Chaque logeur poss\u00e8de une licence qui lui permet d&rsquo;exercer officiellement l&rsquo;h\u00e9bergement de touristes. Chaque chambre chez l&rsquo;habitant est visit\u00e9e et valid\u00e9e avant la venue des \u00e9l\u00e8ves par Salsa Grenoble. Une semaine avant que vous arriviez, SG refait une tourn\u00e9e des \u00ab\u00a0Casa particular\u00a0\u00bb.La qualit\u00e9 est notre priorit\u00e9 : Accueil, propret\u00e9, climatisation, s\u00e9curit\u00e9 des lieux, situ\u00e9 \u00e0 3 min \u00e0 pied de la salle de danse.Tous les \u00e9l\u00e8ves sont log\u00e9s dans le&#8230;<\/p>\n<p class=\"read-more\"><a class=\"btn btn-default\" href=\"https:\/\/voyage-a-cuba.fr\/index.php\/logements\/\">Lire la suite<span class=\"screen-reader-text\"> Lire la suite<\/span><\/a><\/p>\n","protected":false},"author":1,"featured_media":0,"parent":0,"menu_order":0,"comment_status":"closed","ping_status":"closed","template":"","meta":{"ngg_post_thumbnail":0,"footnotes":""},"class_list":["post-14","page","type-page","status-publish","hentry"],"_links":{"self":[{"href":"https:\/\/voyage-a-cuba.fr\/index.php\/wp-json\/wp\/v2\/pages\/14","targetHints":{"allow":["GET"]}}],"collection":[{"href":"https:\/\/voyage-a-cuba.fr\/index.php\/wp-json\/wp\/v2\/pages"}],"about":[{"href":"https:\/\/voyage-a-cuba.fr\/index.php\/wp-json\/wp\/v2\/types\/page"}],"author":[{"embeddable":true,"href":"https:\/\/voyage-a-cuba.fr\/index.php\/wp-json\/wp\/v2\/users\/1"}],"replies":[{"embeddable":true,"href":"https:\/\/voyage-a-cuba.fr\/index.php\/wp-json\/wp\/v2\/comments?post=14"}],"version-history":[{"count":3,"href":"https:\/\/voyage-a-cuba.fr\/index.php\/wp-json\/wp\/v2\/pages\/14\/revisions"}],"predecessor-version":[{"id":189,"href":"https:\/\/voyage-a-cuba.fr\/index.php\/wp-json\/wp\/v2\/pages\/14\/revisions\/189"}],"wp:attachment":[{"href":"https:\/\/voyage-a-cuba.fr\/index.php\/wp-json\/wp\/v2\/media?parent=14"}],"curies":[{"name":"wp","href":"https:\/\/api.w.org\/{rel}","templated":true}]}}